{"id":721,"date":"2025-12-24T17:05:55","date_gmt":"2025-12-24T17:05:55","guid":{"rendered":"https:\/\/cuadrosperico.com\/?page_id=721"},"modified":"2026-03-07T11:59:21","modified_gmt":"2026-03-07T11:59:21","slug":"sobre-perico","status":"publish","type":"page","link":"https:\/\/cuadrosperico.com\/?page_id=721","title":{"rendered":"SOBRE \u00abPERICO\u00bb"},"content":{"rendered":"\t\t<div data-elementor-type=\"wp-page\" data-elementor-id=\"721\" class=\"elementor elementor-721\" data-elementor-post-type=\"page\">\n\t\t\t\t<div class=\"elementor-element elementor-element-091bfa2 e-flex e-con-boxed e-con e-parent\" data-id=\"091bfa2\" data-element_type=\"container\">\n\t\t\t\t\t<div class=\"e-con-inner\">\n\t\t<div class=\"elementor-element elementor-element-95c6b78 e-con-full e-flex e-con e-child\" data-id=\"95c6b78\" data-element_type=\"container\">\n\t\t\t\t<div class=\"elementor-element elementor-element-0d94e4c elementor-widget elementor-widget-text-editor\" data-id=\"0d94e4c\" data-element_type=\"widget\" data-widget_type=\"text-editor.default\">\n\t\t\t\t\t\t\t\t\t<p class=\"first:mt-1.5!\"><strong>Pedro Jes\u00fas G\u00f3mez Gonz\u00e1lez\u00a0<\/strong><\/p><p class=\"first:mt-1.5!\">Naci\u00f3 en Matamorosa hace 71 a\u00f1os. Pintor autodidacta, siempre atra\u00eddo por el mundo del pincel, aunque \u00e9l como verdaderamente se siente es con sus bodegones y naturalezas muertas, debido a que su infancia, as\u00ed como su juventud siempre estuvieron ligadas al campo (no en vano es hijo de agricultores y ganaderos) hasta que hace ahora aproximadamente 30 a\u00f1os fij\u00f3 su residencia en Santander y desde entonces fue cuando cogi\u00f3 amor por este siempre dif\u00edcil mundo del arte, despertando en \u00e9l sus dormidas e innatas cualidades con la pintura, primero haciendo para sus familiares y amigos hasta que por fin se decidi\u00f3 a presentar su primera exposici\u00f3n en la Casa de Cultura de Polanco, sobre todo por los \u00e1nimos que le han dado todas las personas que le conocen, pero, por encima de todas, est\u00e1 el apoyo de su esposa M\u00aa Jos\u00e9 a la cual dedica esta primera exposici\u00f3n.<\/p><p class=\"first:mt-1.5!\">Diferenciamos en esta exposici\u00f3n dos etapas; Una primera siguiendo influencias de otros pintores, y la segunda, m\u00e1s personal, en la que crea sus propias composiciones.<\/p>\t\t\t\t\t\t\t\t<\/div>\n\t\t\t\t<\/div>\n\t\t<div class=\"elementor-element elementor-element-45215db e-con-full e-flex e-con e-child\" data-id=\"45215db\" data-element_type=\"container\">\n\t\t\t\t<div class=\"elementor-element elementor-element-d30baff elementor-widget elementor-widget-image\" data-id=\"d30baff\" data-element_type=\"widget\" data-widget_type=\"image.default\">\n\t\t\t\t\t\t\t\t\t\t\t\t\t\t\t<img fetchpriority=\"high\" decoding=\"async\" width=\"768\" height=\"1024\" src=\"https:\/\/cuadrosperico.com\/wp-content\/uploads\/2025\/12\/Cuadros-Perico-768x1024.jpeg\" class=\"attachment-large size-large wp-image-723\" alt=\"\" srcset=\"https:\/\/cuadrosperico.com\/wp-content\/uploads\/2025\/12\/Cuadros-Perico-768x1024.jpeg 768w, https:\/\/cuadrosperico.com\/wp-content\/uploads\/2025\/12\/Cuadros-Perico-225x300.jpeg 225w, https:\/\/cuadrosperico.com\/wp-content\/uploads\/2025\/12\/Cuadros-Perico-600x800.jpeg 600w, https:\/\/cuadrosperico.com\/wp-content\/uploads\/2025\/12\/Cuadros-Perico.jpeg 1086w\" sizes=\"(max-width: 768px) 100vw, 768px\" \/>\t\t\t\t\t\t\t\t\t\t\t\t\t\t\t<\/div>\n\t\t\t\t<\/div>\n\t\t\t\t\t<\/div>\n\t\t\t\t<\/div>\n\t\t\t\t<\/div>\n\t\t","protected":false},"excerpt":{"rendered":"<p>Pedro Jes\u00fas G\u00f3mez Gonz\u00e1lez\u00a0 Naci\u00f3 en Matamorosa hace 71 a\u00f1os. Pintor autodidacta, siempre atra\u00eddo por el mundo del pincel, aunque \u00e9l como verdaderamente se siente es con sus bodegones y naturalezas muertas, debido a que su infancia, as\u00ed como su juventud siempre estuvieron ligadas al campo (no en vano es hijo de agricultores y ganaderos) [&hellip;]<\/p>\n","protected":false},"author":2,"featured_media":0,"parent":0,"menu_order":0,"comment_status":"closed","ping_status":"closed","template":"","meta":{"_glsr_average":0,"_glsr_ranking":0,"_glsr_reviews":0,"footnotes":""},"class_list":["post-721","page","type-page","status-publish","hentry"],"_links":{"self":[{"href":"https:\/\/cuadrosperico.com\/index.php?rest_route=\/wp\/v2\/pages\/721","targetHints":{"allow":["GET"]}}],"collection":[{"href":"https:\/\/cuadrosperico.com\/index.php?rest_route=\/wp\/v2\/pages"}],"about":[{"href":"https:\/\/cuadrosperico.com\/index.php?rest_route=\/wp\/v2\/types\/page"}],"author":[{"embeddable":true,"href":"https:\/\/cuadrosperico.com\/index.php?rest_route=\/wp\/v2\/users\/2"}],"replies":[{"embeddable":true,"href":"https:\/\/cuadrosperico.com\/index.php?rest_route=%2Fwp%2Fv2%2Fcomments&post=721"}],"version-history":[{"count":16,"href":"https:\/\/cuadrosperico.com\/index.php?rest_route=\/wp\/v2\/pages\/721\/revisions"}],"predecessor-version":[{"id":920,"href":"https:\/\/cuadrosperico.com\/index.php?rest_route=\/wp\/v2\/pages\/721\/revisions\/920"}],"wp:attachment":[{"href":"https:\/\/cuadrosperico.com\/index.php?rest_route=%2Fwp%2Fv2%2Fmedia&parent=721"}],"curies":[{"name":"wp","href":"https:\/\/api.w.org\/{rel}","templated":true}]}}