{"id":1000,"date":"2026-03-11T07:11:08","date_gmt":"2026-03-11T07:11:08","guid":{"rendered":"https:\/\/cuadrosperico.com\/?post_type=product&#038;p=1000"},"modified":"2026-03-20T15:31:35","modified_gmt":"2026-03-20T15:31:35","slug":"bodegon-cebolla-plato-55-45-cm","status":"publish","type":"product","link":"https:\/\/cuadrosperico.com\/?product=bodegon-cebolla-plato-55-45-cm","title":{"rendered":"LOS INGREDIENTES. 55\/45 cm."},"content":{"rendered":"<p>Esta es una naturaleza muerta enmarcada en plata con un fondo oscuro. Representa una mesa con una gran cebolla blanca con brotes en el centro, flanqueada por una manzana roja a la izquierda y un plato negro con un pan peque\u00f1o y redondo a la derecha. Detr\u00e1s, hay una jarra de cer\u00e1mica oscura y un vaso de vino lleno. El cuadro est\u00e1 colgado sobre una mesa de consola en una sala de estar de estilo cl\u00e1sico.<\/p>\n","protected":false},"excerpt":{"rendered":"<p>Esta es una naturaleza muerta enmarcada en plata con un fondo oscuro. Representa una mesa con una gran cebolla blanca con brotes en el centro, flanqueada por una manzana roja a la izquierda y un plato negro con un pan peque\u00f1o y redondo a la derecha. Detr\u00e1s, hay una jarra de cer\u00e1mica oscura y un [&hellip;]<\/p>\n","protected":false},"featured_media":1001,"comment_status":"open","ping_status":"closed","template":"","meta":{"_glsr_average":0,"_glsr_ranking":0,"_glsr_reviews":0},"product_brand":[],"product_cat":[19],"product_tag":[],"class_list":{"0":"post-1000","1":"product","2":"type-product","3":"status-publish","4":"has-post-thumbnail","6":"product_cat-uncategorized","8":"first","9":"instock","10":"sale","11":"shipping-taxable","12":"purchasable","13":"product-type-simple"},"_links":{"self":[{"href":"https:\/\/cuadrosperico.com\/index.php?rest_route=\/wp\/v2\/product\/1000","targetHints":{"allow":["GET"]}}],"collection":[{"href":"https:\/\/cuadrosperico.com\/index.php?rest_route=\/wp\/v2\/product"}],"about":[{"href":"https:\/\/cuadrosperico.com\/index.php?rest_route=\/wp\/v2\/types\/product"}],"replies":[{"embeddable":true,"href":"https:\/\/cuadrosperico.com\/index.php?rest_route=%2Fwp%2Fv2%2Fcomments&post=1000"}],"wp:featuredmedia":[{"embeddable":true,"href":"https:\/\/cuadrosperico.com\/index.php?rest_route=\/wp\/v2\/media\/1001"}],"wp:attachment":[{"href":"https:\/\/cuadrosperico.com\/index.php?rest_route=%2Fwp%2Fv2%2Fmedia&parent=1000"}],"wp:term":[{"taxonomy":"product_brand","embeddable":true,"href":"https:\/\/cuadrosperico.com\/index.php?rest_route=%2Fwp%2Fv2%2Fproduct_brand&post=1000"},{"taxonomy":"product_cat","embeddable":true,"href":"https:\/\/cuadrosperico.com\/index.php?rest_route=%2Fwp%2Fv2%2Fproduct_cat&post=1000"},{"taxonomy":"product_tag","embeddable":true,"href":"https:\/\/cuadrosperico.com\/index.php?rest_route=%2Fwp%2Fv2%2Fproduct_tag&post=1000"}],"curies":[{"name":"wp","href":"https:\/\/api.w.org\/{rel}","templated":true}]}}