{"id":1005,"date":"2026-03-11T07:22:54","date_gmt":"2026-03-11T07:22:54","guid":{"rendered":"https:\/\/cuadrosperico.com\/?post_type=product&#038;p=1005"},"modified":"2026-03-22T11:18:02","modified_gmt":"2026-03-22T11:18:02","slug":"tinaja-grande-100-60-cm","status":"publish","type":"product","link":"https:\/\/cuadrosperico.com\/?product=tinaja-grande-100-60-cm","title":{"rendered":"JARR\u00d3N GRANDE NEGRO. 100\/60 cm."},"content":{"rendered":"<p>Esta pintura muestra un jarr\u00f3n de color verde oscuro con un ramo de flores sobre un fondo verde y amarillo. El jarr\u00f3n est\u00e1 decorado con varios tipos de flores, como amapolas rojas, peque\u00f1as flores blancas y flores m\u00e1s grandes de color p\u00farpura y marr\u00f3n.<\/p>\n<p>El ramo tambi\u00e9n incluye varias ramas con hojas de diferentes formas y colores, como verde oscuro, verde claro y marr\u00f3n. El fondo es una mezcla de verde y amarillo, con algunas pinceladas m\u00e1s oscuras y m\u00e1s claras que crean una textura interesante. La pintura est\u00e1 enmarcada en un marco de madera oscura.<\/p>\n","protected":false},"excerpt":{"rendered":"<p>\u00d3LEO SOBRE TABLA.<\/p>\n","protected":false},"featured_media":1006,"comment_status":"open","ping_status":"closed","template":"","meta":{"_glsr_average":0,"_glsr_ranking":0,"_glsr_reviews":0},"product_brand":[],"product_cat":[19],"product_tag":[],"class_list":{"0":"post-1005","1":"product","2":"type-product","3":"status-publish","4":"has-post-thumbnail","6":"product_cat-uncategorized","8":"first","9":"instock","10":"sale","11":"shipping-taxable","12":"purchasable","13":"product-type-simple"},"_links":{"self":[{"href":"https:\/\/cuadrosperico.com\/index.php?rest_route=\/wp\/v2\/product\/1005","targetHints":{"allow":["GET"]}}],"collection":[{"href":"https:\/\/cuadrosperico.com\/index.php?rest_route=\/wp\/v2\/product"}],"about":[{"href":"https:\/\/cuadrosperico.com\/index.php?rest_route=\/wp\/v2\/types\/product"}],"replies":[{"embeddable":true,"href":"https:\/\/cuadrosperico.com\/index.php?rest_route=%2Fwp%2Fv2%2Fcomments&post=1005"}],"wp:featuredmedia":[{"embeddable":true,"href":"https:\/\/cuadrosperico.com\/index.php?rest_route=\/wp\/v2\/media\/1006"}],"wp:attachment":[{"href":"https:\/\/cuadrosperico.com\/index.php?rest_route=%2Fwp%2Fv2%2Fmedia&parent=1005"}],"wp:term":[{"taxonomy":"product_brand","embeddable":true,"href":"https:\/\/cuadrosperico.com\/index.php?rest_route=%2Fwp%2Fv2%2Fproduct_brand&post=1005"},{"taxonomy":"product_cat","embeddable":true,"href":"https:\/\/cuadrosperico.com\/index.php?rest_route=%2Fwp%2Fv2%2Fproduct_cat&post=1005"},{"taxonomy":"product_tag","embeddable":true,"href":"https:\/\/cuadrosperico.com\/index.php?rest_route=%2Fwp%2Fv2%2Fproduct_tag&post=1005"}],"curies":[{"name":"wp","href":"https:\/\/api.w.org\/{rel}","templated":true}]}}