{"id":1007,"date":"2026-03-11T07:27:12","date_gmt":"2026-03-11T07:27:12","guid":{"rendered":"https:\/\/cuadrosperico.com\/?post_type=product&#038;p=1007"},"modified":"2026-03-11T07:28:58","modified_gmt":"2026-03-11T07:28:58","slug":"1007","status":"publish","type":"product","link":"https:\/\/cuadrosperico.com\/?product=1007","title":{"rendered":"LA PUERTA. 65\/55 cm."},"content":{"rendered":"<p>Esta es una pintura de bodeg\u00f3n de estilo tradicional enmarcada de forma ornamentada que representa una colecci\u00f3n de art\u00edculos r\u00fasticos.<\/p>\n<p>La composici\u00f3n se centra en un armario de madera r\u00fastica marr\u00f3n oscuro de dos niveles con las puertas del nivel superior abiertas, revelando un peque\u00f1o cuenco de fruta en un estante. Debajo de este armario, en una superficie r\u00fastica similar, hay un gran tarro de cer\u00e1mica marr\u00f3n claro flanqueado por dos jarras de cer\u00e1mica marr\u00f3n oscuro m\u00e1s peque\u00f1as. A la derecha de estas ollas hay una jarra de metal azul verdoso m\u00e1s peque\u00f1a. Delante de las ollas y jarras centrales hay un ramo de limones maduros con hojas y tallos verdes vibrantes. A la derecha de este ramo, un pedestal de cer\u00e1mica blanca sostiene dos peras maduras. El fondo de la pintura es un color ocre amarillo suave y texturizado, que a\u00f1ade calidez a la escena. El cuadro est\u00e1 alojado dentro de un marco de madera oscura y pesada con intrincados tallados dorados y un<\/p>\n","protected":false},"excerpt":{"rendered":"<p>Esta es una pintura de bodeg\u00f3n de estilo tradicional enmarcada de forma ornamentada que representa una colecci\u00f3n de art\u00edculos r\u00fasticos. La composici\u00f3n se centra en un armario de madera r\u00fastica marr\u00f3n oscuro de dos niveles con las puertas del nivel superior abiertas, revelando un peque\u00f1o cuenco de fruta en un estante. Debajo de este armario, [&hellip;]<\/p>\n","protected":false},"featured_media":1008,"comment_status":"open","ping_status":"closed","template":"","meta":{"_glsr_average":0,"_glsr_ranking":0,"_glsr_reviews":0},"product_brand":[],"product_cat":[19],"product_tag":[],"class_list":{"0":"post-1007","1":"product","2":"type-product","3":"status-publish","4":"has-post-thumbnail","6":"product_cat-uncategorized","8":"first","9":"instock","10":"sale","11":"shipping-taxable","12":"purchasable","13":"product-type-simple"},"_links":{"self":[{"href":"https:\/\/cuadrosperico.com\/index.php?rest_route=\/wp\/v2\/product\/1007","targetHints":{"allow":["GET"]}}],"collection":[{"href":"https:\/\/cuadrosperico.com\/index.php?rest_route=\/wp\/v2\/product"}],"about":[{"href":"https:\/\/cuadrosperico.com\/index.php?rest_route=\/wp\/v2\/types\/product"}],"replies":[{"embeddable":true,"href":"https:\/\/cuadrosperico.com\/index.php?rest_route=%2Fwp%2Fv2%2Fcomments&post=1007"}],"wp:featuredmedia":[{"embeddable":true,"href":"https:\/\/cuadrosperico.com\/index.php?rest_route=\/wp\/v2\/media\/1008"}],"wp:attachment":[{"href":"https:\/\/cuadrosperico.com\/index.php?rest_route=%2Fwp%2Fv2%2Fmedia&parent=1007"}],"wp:term":[{"taxonomy":"product_brand","embeddable":true,"href":"https:\/\/cuadrosperico.com\/index.php?rest_route=%2Fwp%2Fv2%2Fproduct_brand&post=1007"},{"taxonomy":"product_cat","embeddable":true,"href":"https:\/\/cuadrosperico.com\/index.php?rest_route=%2Fwp%2Fv2%2Fproduct_cat&post=1007"},{"taxonomy":"product_tag","embeddable":true,"href":"https:\/\/cuadrosperico.com\/index.php?rest_route=%2Fwp%2Fv2%2Fproduct_tag&post=1007"}],"curies":[{"name":"wp","href":"https:\/\/api.w.org\/{rel}","templated":true}]}}