{"id":1022,"date":"2026-03-11T10:39:42","date_gmt":"2026-03-11T10:39:42","guid":{"rendered":"https:\/\/cuadrosperico.com\/?post_type=product&#038;p=1022"},"modified":"2026-03-18T07:28:18","modified_gmt":"2026-03-18T07:28:18","slug":"ciudad-encantada-de-cuenca-55-38-cm","status":"publish","type":"product","link":"https:\/\/cuadrosperico.com\/?product=ciudad-encantada-de-cuenca-55-38-cm","title":{"rendered":"CIUDAD ENCANTADA DE CUENCA. 55\/38 cm."},"content":{"rendered":"<p>Es una pintura de paisaje que representa una escena monta\u00f1osa. El primer plano es de un vibrante tono rojo anaranjado, que da paso a una serie de tres \u00e1rboles altos con troncos rectos en el centro. Detr\u00e1s de ellos, se extienden monta\u00f1as y acantilados en tonos profundos de morado, magenta y azul. A la derecha, un cuarto \u00e1rbol m\u00e1s bajo tiene hojas verdes brillantes que contrastan con las rocas de color rojo m\u00e1s c\u00e1lido que lo rodean.<\/p>\n<p>NO EST\u00c1 ENMARCADO.<\/p>\n","protected":false},"excerpt":{"rendered":"<p>Es una pintura de paisaje que representa una escena monta\u00f1osa. El primer plano es de un vibrante tono rojo anaranjado, que da paso a una serie de tres \u00e1rboles altos con troncos rectos en el centro. Detr\u00e1s de ellos, se extienden monta\u00f1as y acantilados en tonos profundos de morado, magenta y azul. A la derecha, [&hellip;]<\/p>\n","protected":false},"featured_media":1023,"comment_status":"open","ping_status":"closed","template":"","meta":{"_glsr_average":0,"_glsr_ranking":0,"_glsr_reviews":0},"product_brand":[],"product_cat":[19],"product_tag":[],"class_list":{"0":"post-1022","1":"product","2":"type-product","3":"status-publish","4":"has-post-thumbnail","6":"product_cat-uncategorized","8":"first","9":"instock","10":"sale","11":"shipping-taxable","12":"purchasable","13":"product-type-simple"},"_links":{"self":[{"href":"https:\/\/cuadrosperico.com\/index.php?rest_route=\/wp\/v2\/product\/1022","targetHints":{"allow":["GET"]}}],"collection":[{"href":"https:\/\/cuadrosperico.com\/index.php?rest_route=\/wp\/v2\/product"}],"about":[{"href":"https:\/\/cuadrosperico.com\/index.php?rest_route=\/wp\/v2\/types\/product"}],"replies":[{"embeddable":true,"href":"https:\/\/cuadrosperico.com\/index.php?rest_route=%2Fwp%2Fv2%2Fcomments&post=1022"}],"wp:featuredmedia":[{"embeddable":true,"href":"https:\/\/cuadrosperico.com\/index.php?rest_route=\/wp\/v2\/media\/1023"}],"wp:attachment":[{"href":"https:\/\/cuadrosperico.com\/index.php?rest_route=%2Fwp%2Fv2%2Fmedia&parent=1022"}],"wp:term":[{"taxonomy":"product_brand","embeddable":true,"href":"https:\/\/cuadrosperico.com\/index.php?rest_route=%2Fwp%2Fv2%2Fproduct_brand&post=1022"},{"taxonomy":"product_cat","embeddable":true,"href":"https:\/\/cuadrosperico.com\/index.php?rest_route=%2Fwp%2Fv2%2Fproduct_cat&post=1022"},{"taxonomy":"product_tag","embeddable":true,"href":"https:\/\/cuadrosperico.com\/index.php?rest_route=%2Fwp%2Fv2%2Fproduct_tag&post=1022"}],"curies":[{"name":"wp","href":"https:\/\/api.w.org\/{rel}","templated":true}]}}