{"id":1065,"date":"2026-03-12T20:33:30","date_gmt":"2026-03-12T20:33:30","guid":{"rendered":"https:\/\/cuadrosperico.com\/?post_type=product&#038;p=1065"},"modified":"2026-03-20T15:48:36","modified_gmt":"2026-03-20T15:48:36","slug":"frutero-adornado-60-50-cm","status":"publish","type":"product","link":"https:\/\/cuadrosperico.com\/?product=frutero-adornado-60-50-cm","title":{"rendered":"FRUTERO ADORNADO .60\/50 cm. Es copia."},"content":{"rendered":"<p><strong><b>Tema:<\/b><\/strong>\u00a0Naturaleza muerta que presenta un <strong><b>cuenco de cer\u00e1mica blanca con motivos azules<\/b><\/strong>.<\/p>\n<p><strong><b>Contenido:<\/b><\/strong>\u00a0El cuenco rebosa de <strong><b>frutas variadas<\/b><\/strong>\u00a0(uvas blancas y tintas, melocotones, un lim\u00f3n) y est\u00e1 coronado por <strong><b>lirios de color azul intenso<\/b><\/strong>.<\/p>\n<p><strong><b>Contraste:<\/b><\/strong>\u00a0La composici\u00f3n destaca sobre un <strong><b>fondo negro absoluto<\/b><\/strong>, lo que realza la luminosidad y los colores de los elementos centrales.<\/p>\n<p><strong><b>Estilo:<\/b><\/strong>\u00a0Pintura detallada con un enfoque en las <strong><b>texturas naturales<\/b><\/strong>\u00a0y el juego de luces y sombras.<\/p>\n<p><strong><b>Marco:<\/b><\/strong>\u00a0Se presenta en un <strong><b>marco dorado ornamental<\/b><\/strong>\u00a0con relieves cl\u00e1sicos, lo que acent\u00faa su car\u00e1cter art\u00edstico tradicional.<\/p>\n","protected":false},"excerpt":{"rendered":"<p>\u00d3LEO SOBRE TELA<\/p>\n","protected":false},"featured_media":1066,"comment_status":"open","ping_status":"closed","template":"","meta":{"_glsr_average":0,"_glsr_ranking":0,"_glsr_reviews":0},"product_brand":[],"product_cat":[19],"product_tag":[],"class_list":{"0":"post-1065","1":"product","2":"type-product","3":"status-publish","4":"has-post-thumbnail","6":"product_cat-uncategorized","8":"first","9":"instock","10":"sale","11":"shipping-taxable","12":"purchasable","13":"product-type-simple"},"_links":{"self":[{"href":"https:\/\/cuadrosperico.com\/index.php?rest_route=\/wp\/v2\/product\/1065","targetHints":{"allow":["GET"]}}],"collection":[{"href":"https:\/\/cuadrosperico.com\/index.php?rest_route=\/wp\/v2\/product"}],"about":[{"href":"https:\/\/cuadrosperico.com\/index.php?rest_route=\/wp\/v2\/types\/product"}],"replies":[{"embeddable":true,"href":"https:\/\/cuadrosperico.com\/index.php?rest_route=%2Fwp%2Fv2%2Fcomments&post=1065"}],"wp:featuredmedia":[{"embeddable":true,"href":"https:\/\/cuadrosperico.com\/index.php?rest_route=\/wp\/v2\/media\/1066"}],"wp:attachment":[{"href":"https:\/\/cuadrosperico.com\/index.php?rest_route=%2Fwp%2Fv2%2Fmedia&parent=1065"}],"wp:term":[{"taxonomy":"product_brand","embeddable":true,"href":"https:\/\/cuadrosperico.com\/index.php?rest_route=%2Fwp%2Fv2%2Fproduct_brand&post=1065"},{"taxonomy":"product_cat","embeddable":true,"href":"https:\/\/cuadrosperico.com\/index.php?rest_route=%2Fwp%2Fv2%2Fproduct_cat&post=1065"},{"taxonomy":"product_tag","embeddable":true,"href":"https:\/\/cuadrosperico.com\/index.php?rest_route=%2Fwp%2Fv2%2Fproduct_tag&post=1065"}],"curies":[{"name":"wp","href":"https:\/\/api.w.org\/{rel}","templated":true}]}}