{"id":1110,"date":"2026-03-15T07:28:19","date_gmt":"2026-03-15T07:28:19","guid":{"rendered":"https:\/\/cuadrosperico.com\/?post_type=product&#038;p=1110"},"modified":"2026-03-18T07:13:54","modified_gmt":"2026-03-18T07:13:54","slug":"recojiendo-uvas","status":"publish","type":"product","link":"https:\/\/cuadrosperico.com\/?product=recojiendo-uvas","title":{"rendered":"RECOJIENDO UVAS."},"content":{"rendered":"<h2><u>Esta es una pintura de estilo realista que muestra a un hombre y a un ni\u00f1o <\/u><u>recojiendo uvas<\/u><u>. El hombre, \u00a0con una camiseta azul, est\u00e1 a la derecha, mientras que el ni\u00f1o, m\u00e1s joven y con una camiseta blanca, est\u00e1 a su izquierda. Ambos est\u00e1n concentrados en la tarea de cortar hojas de la vi\u00f1a que los rodea. El fondo muestra una casa r\u00fastica de color ocre con un tejado oscuro. El cuadro est\u00e1 pintado con pinceladas suaves y visibles, t\u00edpicas de mediados del siglo XX. El cuadro est\u00e1 enmarcado con un marco de madera oscura y pesada con detalles dorados y un forro interior de lino de color crema.<\/u><\/h2>\n<p>SE VENDE SIN MARCO.<\/p>\n","protected":false},"excerpt":{"rendered":"<p>Esta es una pintura de estilo realista que muestra a un hombre y a un ni\u00f1o recojiendo uvas. El hombre, \u00a0con una camiseta azul, est\u00e1 a la derecha, mientras que el ni\u00f1o, m\u00e1s joven y con una camiseta blanca, est\u00e1 a su izquierda. Ambos est\u00e1n concentrados en la tarea de cortar hojas de la vi\u00f1a [&hellip;]<\/p>\n","protected":false},"featured_media":1111,"comment_status":"open","ping_status":"closed","template":"","meta":{"_glsr_average":0,"_glsr_ranking":0,"_glsr_reviews":0},"product_brand":[],"product_cat":[19],"product_tag":[],"class_list":{"0":"post-1110","1":"product","2":"type-product","3":"status-publish","4":"has-post-thumbnail","6":"product_cat-uncategorized","8":"first","9":"instock","10":"sale","11":"shipping-taxable","12":"purchasable","13":"product-type-simple"},"_links":{"self":[{"href":"https:\/\/cuadrosperico.com\/index.php?rest_route=\/wp\/v2\/product\/1110","targetHints":{"allow":["GET"]}}],"collection":[{"href":"https:\/\/cuadrosperico.com\/index.php?rest_route=\/wp\/v2\/product"}],"about":[{"href":"https:\/\/cuadrosperico.com\/index.php?rest_route=\/wp\/v2\/types\/product"}],"replies":[{"embeddable":true,"href":"https:\/\/cuadrosperico.com\/index.php?rest_route=%2Fwp%2Fv2%2Fcomments&post=1110"}],"wp:featuredmedia":[{"embeddable":true,"href":"https:\/\/cuadrosperico.com\/index.php?rest_route=\/wp\/v2\/media\/1111"}],"wp:attachment":[{"href":"https:\/\/cuadrosperico.com\/index.php?rest_route=%2Fwp%2Fv2%2Fmedia&parent=1110"}],"wp:term":[{"taxonomy":"product_brand","embeddable":true,"href":"https:\/\/cuadrosperico.com\/index.php?rest_route=%2Fwp%2Fv2%2Fproduct_brand&post=1110"},{"taxonomy":"product_cat","embeddable":true,"href":"https:\/\/cuadrosperico.com\/index.php?rest_route=%2Fwp%2Fv2%2Fproduct_cat&post=1110"},{"taxonomy":"product_tag","embeddable":true,"href":"https:\/\/cuadrosperico.com\/index.php?rest_route=%2Fwp%2Fv2%2Fproduct_tag&post=1110"}],"curies":[{"name":"wp","href":"https:\/\/api.w.org\/{rel}","templated":true}]}}