{"id":1129,"date":"2026-03-15T17:16:07","date_gmt":"2026-03-15T17:16:07","guid":{"rendered":"https:\/\/cuadrosperico.com\/?post_type=product&#038;p=1129"},"modified":"2026-03-23T10:52:11","modified_gmt":"2026-03-23T10:52:11","slug":"tomando-un-descanso-40-30","status":"publish","type":"product","link":"https:\/\/cuadrosperico.com\/?product=tomando-un-descanso-40-30","title":{"rendered":"TOMANDO UN DESCANSO. 40\/30"},"content":{"rendered":"<p>Esta pintura al \u00f3leo, de formato rectangular, representa un bodeg\u00f3n expresionista con un libro abierto, una cafetera y una taza sobre una mesa. Los colores son vibrantes y c\u00e1lidos, con pinceladas sueltas y texturizadas que aportan movimiento y vida a la composici\u00f3n. El marco es de madera marr\u00f3n oscuro, de estilo r\u00fastico y con molduras sencillas que complementan la obra de arte sin restarle protagonismo.<\/p>\n","protected":false},"excerpt":{"rendered":"<p>Esta pintura al \u00f3leo, de formato rectangular, representa un bodeg\u00f3n expresionista con un libro abierto, una cafetera y una taza sobre una mesa. Los colores son vibrantes y c\u00e1lidos, con pinceladas sueltas y texturizadas que aportan movimiento y vida a la composici\u00f3n. El marco es de madera marr\u00f3n oscuro, de estilo r\u00fastico y con molduras [&hellip;]<\/p>\n","protected":false},"featured_media":1208,"comment_status":"open","ping_status":"closed","template":"","meta":{"_glsr_average":0,"_glsr_ranking":0,"_glsr_reviews":0},"product_brand":[],"product_cat":[19],"product_tag":[],"class_list":{"0":"post-1129","1":"product","2":"type-product","3":"status-publish","4":"has-post-thumbnail","6":"product_cat-uncategorized","8":"first","9":"instock","10":"sale","11":"shipping-taxable","12":"purchasable","13":"product-type-simple"},"_links":{"self":[{"href":"https:\/\/cuadrosperico.com\/index.php?rest_route=\/wp\/v2\/product\/1129","targetHints":{"allow":["GET"]}}],"collection":[{"href":"https:\/\/cuadrosperico.com\/index.php?rest_route=\/wp\/v2\/product"}],"about":[{"href":"https:\/\/cuadrosperico.com\/index.php?rest_route=\/wp\/v2\/types\/product"}],"replies":[{"embeddable":true,"href":"https:\/\/cuadrosperico.com\/index.php?rest_route=%2Fwp%2Fv2%2Fcomments&post=1129"}],"wp:featuredmedia":[{"embeddable":true,"href":"https:\/\/cuadrosperico.com\/index.php?rest_route=\/wp\/v2\/media\/1208"}],"wp:attachment":[{"href":"https:\/\/cuadrosperico.com\/index.php?rest_route=%2Fwp%2Fv2%2Fmedia&parent=1129"}],"wp:term":[{"taxonomy":"product_brand","embeddable":true,"href":"https:\/\/cuadrosperico.com\/index.php?rest_route=%2Fwp%2Fv2%2Fproduct_brand&post=1129"},{"taxonomy":"product_cat","embeddable":true,"href":"https:\/\/cuadrosperico.com\/index.php?rest_route=%2Fwp%2Fv2%2Fproduct_cat&post=1129"},{"taxonomy":"product_tag","embeddable":true,"href":"https:\/\/cuadrosperico.com\/index.php?rest_route=%2Fwp%2Fv2%2Fproduct_tag&post=1129"}],"curies":[{"name":"wp","href":"https:\/\/api.w.org\/{rel}","templated":true}]}}