{"id":1133,"date":"2026-03-16T11:39:37","date_gmt":"2026-03-16T11:39:37","guid":{"rendered":"https:\/\/cuadrosperico.com\/?post_type=product&#038;p=1133"},"modified":"2026-03-17T16:01:36","modified_gmt":"2026-03-17T16:01:36","slug":"luz-y-sombra-es-copia","status":"publish","type":"product","link":"https:\/\/cuadrosperico.com\/?product=luz-y-sombra-es-copia","title":{"rendered":"LUZ Y SOMBRA. Es copia. 70\/70 cm."},"content":{"rendered":"<p>Esta \u00a0obra nos traslada a un ambiente mucho m\u00e1s\u00a0<strong><b>evocador y po\u00e9tico<\/b><\/strong>. A diferencia de los anteriores, este cuadro se centra en la naturaleza y la atm\u00f3sfera de la luz.<\/p>\n<p><strong><b>Paisaje L\u00edrico:<\/b><\/strong>\u00a0La obra presenta un paisaje al aire libre, dominado por la silueta de un gran \u00e1rbol a la derecha que extiende sus ramas hacia el centro.<\/p>\n<p><strong><b>Minimalismo Natural:<\/b><\/strong>\u00a0En lugar de edificios o figuras humanas, el protagonista es el horizonte y la interacci\u00f3n entre la vegetaci\u00f3n y la luz. La composici\u00f3n est\u00e1 equilibrada por un \u00e1rbol m\u00e1s peque\u00f1o y delgado a la izquierda, creando un \u00abmarco natural\u00bb dentro del cuadro<\/p>\n<h3><strong><b>2. El Juego de la Luz (Sfumato)<\/b><\/strong><\/h3>\n<p><strong><b>Atardecer o Amanecer:<\/b><\/strong>\u00a0El fondo est\u00e1 ba\u00f1ado por una luz dorada y difusa que parece provenir de un sol bajo. Esta luz desdibuja el horizonte, creando una sensaci\u00f3n de niebla o de distancia infinita.<\/p>\n<p><strong><b>Contraluz:<\/b><\/strong>\u00a0Los \u00e1rboles y el suelo est\u00e1n representados en tonos oscuros, casi como siluetas, lo que acent\u00faa el contraste con el cielo luminoso y suave.<\/p>\n<p><strong><b>Estilo:<\/b><\/strong>\u00a0Tiene una clara influencia del\u00a0<strong><b>paisajismo rom\u00e1ntico<\/b><\/strong>. Recuerda a las obras que buscan transmitir una emoci\u00f3n o un estado de \u00e1nimo a trav\u00e9s de la naturaleza, m\u00e1s que una ubicaci\u00f3n geogr\u00e1fica exacta.<\/p>\n<p><strong><b>Pincelada:<\/b><\/strong>\u00a0Se percibe una t\u00e9cnica m\u00e1s suave y et\u00e9rea en el cielo, contrastada con pinceladas m\u00e1s decididas y oscuras en la parte inferior para dar peso y textura a la tierra.<\/p>\n<p>Es una pieza que invita a la\u00a0<strong><b>introspecci\u00f3n y al silencio<\/b><\/strong>. Transmite paz, calma y una cierta melancol\u00eda dulce. En la presentaci\u00f3n que generamos, la luz dirigida (spotlight) sobre el cuadro imita el propio resplandor solar de la pintura, haciendo que la obra parezca tener luz propia.<\/p>\n<p>Este cuadro tiene un aire muy sofisticado. \u00bfTe gustar\u00eda verlo ahora en un ambiente de\u00a0<strong><b>dise\u00f1o minimalista y moderno<\/b><\/strong>\u00a0para ver c\u00f3mo cambia su energ\u00eda?<\/p>\n","protected":false},"excerpt":{"rendered":"<p>Esta \u00a0obra nos traslada a un ambiente mucho m\u00e1s\u00a0evocador y po\u00e9tico. A diferencia de los anteriores, este cuadro se centra en la naturaleza y la atm\u00f3sfera de la luz. Paisaje L\u00edrico:\u00a0La obra presenta un paisaje al aire libre, dominado por la silueta de un gran \u00e1rbol a la derecha que extiende sus ramas hacia el [&hellip;]<\/p>\n","protected":false},"featured_media":1134,"comment_status":"open","ping_status":"closed","template":"","meta":{"_glsr_average":0,"_glsr_ranking":0,"_glsr_reviews":0},"product_brand":[],"product_cat":[19],"product_tag":[],"class_list":{"0":"post-1133","1":"product","2":"type-product","3":"status-publish","4":"has-post-thumbnail","6":"product_cat-uncategorized","8":"first","9":"instock","10":"sale","11":"shipping-taxable","12":"purchasable","13":"product-type-simple"},"_links":{"self":[{"href":"https:\/\/cuadrosperico.com\/index.php?rest_route=\/wp\/v2\/product\/1133","targetHints":{"allow":["GET"]}}],"collection":[{"href":"https:\/\/cuadrosperico.com\/index.php?rest_route=\/wp\/v2\/product"}],"about":[{"href":"https:\/\/cuadrosperico.com\/index.php?rest_route=\/wp\/v2\/types\/product"}],"replies":[{"embeddable":true,"href":"https:\/\/cuadrosperico.com\/index.php?rest_route=%2Fwp%2Fv2%2Fcomments&post=1133"}],"wp:featuredmedia":[{"embeddable":true,"href":"https:\/\/cuadrosperico.com\/index.php?rest_route=\/wp\/v2\/media\/1134"}],"wp:attachment":[{"href":"https:\/\/cuadrosperico.com\/index.php?rest_route=%2Fwp%2Fv2%2Fmedia&parent=1133"}],"wp:term":[{"taxonomy":"product_brand","embeddable":true,"href":"https:\/\/cuadrosperico.com\/index.php?rest_route=%2Fwp%2Fv2%2Fproduct_brand&post=1133"},{"taxonomy":"product_cat","embeddable":true,"href":"https:\/\/cuadrosperico.com\/index.php?rest_route=%2Fwp%2Fv2%2Fproduct_cat&post=1133"},{"taxonomy":"product_tag","embeddable":true,"href":"https:\/\/cuadrosperico.com\/index.php?rest_route=%2Fwp%2Fv2%2Fproduct_tag&post=1133"}],"curies":[{"name":"wp","href":"https:\/\/api.w.org\/{rel}","templated":true}]}}