{"id":1170,"date":"2026-03-18T16:26:11","date_gmt":"2026-03-18T16:26:11","guid":{"rendered":"https:\/\/cuadrosperico.com\/?post_type=product&#038;p=1170"},"modified":"2026-03-20T15:35:17","modified_gmt":"2026-03-20T15:35:17","slug":"calle-historica-de-valencia","status":"publish","type":"product","link":"https:\/\/cuadrosperico.com\/?product=calle-historica-de-valencia","title":{"rendered":"CALLE HIST\u00d3RICA DE VALENCIA. 49\/30cm"},"content":{"rendered":"<p>Esta obra es una <strong><b>escena urbana vibrante<\/b><\/strong>\u00a0que captura la esencia de una calle hist\u00f3rica, probablemente inspirada en la arquitectura espa\u00f1ola (el archivo se titula \u00abValencia\u00bb, aunque el estilo recuerda a ciudades monumentales como Toledo).<\/p>\n<p>El cuadro utiliza una <strong><b>perspectiva de un solo punto de fuga<\/b><\/strong>\u00a0muy marcada. Las l\u00edneas de los edificios a ambos lados convergen hacia el centro de la imagen, guiando nuestra mirada directamente hacia una torre iluminada (posiblemente un campanario o catedral) que se alza al fondo bajo un cielo nocturno o de crep\u00fasculo.<\/p>\n<p>Se observa una t\u00e9cnica de pincelada suelta y empastada, lo que le da una textura casi impresionista. No busca el hiperrealismo, sino capturar la <strong><b>atm\u00f3sfera y la luz<\/b><\/strong>.<\/p>\n<p><strong><b>Contraste:<\/b><\/strong>\u00a0Existe un juego dram\u00e1tico entre las zonas en sombra de la calle y los puntos de luz c\u00e1lida que emanan de los escaparates y la iluminaci\u00f3n monumental del fondo.<\/p>\n<h3><strong><b>Arquitectura:<\/b><\/strong><strong><b>\u00a0Los edificios presentan balcones de forja t\u00edpicos y fachadas en tonos ocres, tierras y azules gris\u00e1ceos. En la parte derecha, se distinguen comercios con letreros (uno de ellos parece decir \u00abFACTORY\u00bb), lo que aporta un toque de <\/b><\/strong><strong><b>modernidad cotidiana<\/b><\/strong><strong><b>\u00a0a un entorno antiguo.<\/b><\/strong><\/h3>\n<p><strong><b>Figuras Humanas:<\/b><\/strong>\u00a0La calle est\u00e1 llena de vida. Se ven varias figuras caminando hacia el fondo, representadas con trazos r\u00e1pidos. Esto a\u00f1ade <strong><b>dinamismo y una sensaci\u00f3n de movimiento<\/b><\/strong>\u00a0urbano.<\/p>\n<h3><strong><b>Predomina una paleta de <\/b><\/strong><strong><b>colores tierra y azules profundos<\/b><\/strong><strong><b>. El uso del amarillo y el blanco en el fondo genera un \u00abfoco de luz\u00bb que contrasta con la penumbra de los edificios en primer plano, creando una profundidad visual muy lograda.<\/b><\/strong><\/h3>\n<p>Es una pieza que transmite la energ\u00eda de una ciudad que no duerme, mezclando lo hist\u00f3rico con lo comercial.<\/p>\n","protected":false},"excerpt":{"rendered":"<p>Esta obra es una escena urbana vibrante\u00a0que captura la esencia de una calle hist\u00f3rica, probablemente inspirada en la arquitectura espa\u00f1ola (el archivo se titula \u00abValencia\u00bb, aunque el estilo recuerda a ciudades monumentales como Toledo). El cuadro utiliza una perspectiva de un solo punto de fuga\u00a0muy marcada. Las l\u00edneas de los edificios a ambos lados convergen [&hellip;]<\/p>\n","protected":false},"featured_media":1171,"comment_status":"open","ping_status":"closed","template":"","meta":{"_glsr_average":0,"_glsr_ranking":0,"_glsr_reviews":0},"product_brand":[],"product_cat":[19],"product_tag":[],"class_list":{"0":"post-1170","1":"product","2":"type-product","3":"status-publish","4":"has-post-thumbnail","6":"product_cat-uncategorized","8":"first","9":"instock","10":"sale","11":"shipping-taxable","12":"purchasable","13":"product-type-simple"},"_links":{"self":[{"href":"https:\/\/cuadrosperico.com\/index.php?rest_route=\/wp\/v2\/product\/1170","targetHints":{"allow":["GET"]}}],"collection":[{"href":"https:\/\/cuadrosperico.com\/index.php?rest_route=\/wp\/v2\/product"}],"about":[{"href":"https:\/\/cuadrosperico.com\/index.php?rest_route=\/wp\/v2\/types\/product"}],"replies":[{"embeddable":true,"href":"https:\/\/cuadrosperico.com\/index.php?rest_route=%2Fwp%2Fv2%2Fcomments&post=1170"}],"wp:featuredmedia":[{"embeddable":true,"href":"https:\/\/cuadrosperico.com\/index.php?rest_route=\/wp\/v2\/media\/1171"}],"wp:attachment":[{"href":"https:\/\/cuadrosperico.com\/index.php?rest_route=%2Fwp%2Fv2%2Fmedia&parent=1170"}],"wp:term":[{"taxonomy":"product_brand","embeddable":true,"href":"https:\/\/cuadrosperico.com\/index.php?rest_route=%2Fwp%2Fv2%2Fproduct_brand&post=1170"},{"taxonomy":"product_cat","embeddable":true,"href":"https:\/\/cuadrosperico.com\/index.php?rest_route=%2Fwp%2Fv2%2Fproduct_cat&post=1170"},{"taxonomy":"product_tag","embeddable":true,"href":"https:\/\/cuadrosperico.com\/index.php?rest_route=%2Fwp%2Fv2%2Fproduct_tag&post=1170"}],"curies":[{"name":"wp","href":"https:\/\/api.w.org\/{rel}","templated":true}]}}