{"id":1197,"date":"2026-03-22T11:10:47","date_gmt":"2026-03-22T11:10:47","guid":{"rendered":"https:\/\/cuadrosperico.com\/?post_type=product&#038;p=1197"},"modified":"2026-03-22T11:10:47","modified_gmt":"2026-03-22T11:10:47","slug":"puente-40-30-cm","status":"publish","type":"product","link":"https:\/\/cuadrosperico.com\/?product=puente-40-30-cm","title":{"rendered":"PUENTE. 40\/30 cm."},"content":{"rendered":"<p>Este cuadro es un paisaje pintado con un estilo un poco impresionista, con pinceladas sueltas y colores suaves. En \u00e9l vemos un gran puente de piedra con tres arcos que cruza un r\u00edo. El puente es de color rojizo y se refleja en el agua azul y turquesa del r\u00edo, que tiene piedras y vegetaci\u00f3n en las orillas. Al fondo, detr\u00e1s del puente, hay una monta\u00f1a grande y verde con algunos tonos amarillos y morados. El cielo est\u00e1 nublado, con nubes blancas y grises sobre un fondo azul claro. La escena transmite tranquilidad y naturaleza.<\/p>\n","protected":false},"excerpt":{"rendered":"<p>NO TIENE MARCO.<\/p>\n","protected":false},"featured_media":1200,"comment_status":"open","ping_status":"closed","template":"","meta":{"_glsr_average":0,"_glsr_ranking":0,"_glsr_reviews":0},"product_brand":[],"product_cat":[19],"product_tag":[],"class_list":{"0":"post-1197","1":"product","2":"type-product","3":"status-publish","4":"has-post-thumbnail","6":"product_cat-uncategorized","8":"first","9":"instock","10":"sale","11":"shipping-taxable","12":"purchasable","13":"product-type-simple"},"_links":{"self":[{"href":"https:\/\/cuadrosperico.com\/index.php?rest_route=\/wp\/v2\/product\/1197","targetHints":{"allow":["GET"]}}],"collection":[{"href":"https:\/\/cuadrosperico.com\/index.php?rest_route=\/wp\/v2\/product"}],"about":[{"href":"https:\/\/cuadrosperico.com\/index.php?rest_route=\/wp\/v2\/types\/product"}],"replies":[{"embeddable":true,"href":"https:\/\/cuadrosperico.com\/index.php?rest_route=%2Fwp%2Fv2%2Fcomments&post=1197"}],"wp:featuredmedia":[{"embeddable":true,"href":"https:\/\/cuadrosperico.com\/index.php?rest_route=\/wp\/v2\/media\/1200"}],"wp:attachment":[{"href":"https:\/\/cuadrosperico.com\/index.php?rest_route=%2Fwp%2Fv2%2Fmedia&parent=1197"}],"wp:term":[{"taxonomy":"product_brand","embeddable":true,"href":"https:\/\/cuadrosperico.com\/index.php?rest_route=%2Fwp%2Fv2%2Fproduct_brand&post=1197"},{"taxonomy":"product_cat","embeddable":true,"href":"https:\/\/cuadrosperico.com\/index.php?rest_route=%2Fwp%2Fv2%2Fproduct_cat&post=1197"},{"taxonomy":"product_tag","embeddable":true,"href":"https:\/\/cuadrosperico.com\/index.php?rest_route=%2Fwp%2Fv2%2Fproduct_tag&post=1197"}],"curies":[{"name":"wp","href":"https:\/\/api.w.org\/{rel}","templated":true}]}}