{"id":1219,"date":"2026-03-25T10:38:58","date_gmt":"2026-03-25T10:38:58","guid":{"rendered":"https:\/\/cuadrosperico.com\/?post_type=product&#038;p=1219"},"modified":"2026-03-25T10:38:58","modified_gmt":"2026-03-25T10:38:58","slug":"sendero-de-cuenca-45-30-cm","status":"publish","type":"product","link":"https:\/\/cuadrosperico.com\/?product=sendero-de-cuenca-45-30-cm","title":{"rendered":"SENDERO DE CUENCA. 45\/30 cm."},"content":{"rendered":"<p>Esta pintura al \u00f3leo captura una escena de naturaleza con una atm\u00f3sfera algo melanc\u00f3lica y solitaria, muy caracter\u00edstica de los paisajes escarpados.<\/p>\n<h3><strong><b>La obra presenta un <\/b><\/strong><strong><b>sendero estrecho<\/b><\/strong><strong><b>\u00a0que serpentea entre formaciones rocosas o desfiladeros. La perspectiva nos invita a entrar en el cuadro, guiando la mirada desde el primer plano hacia un fondo que se desvanece en tonos m\u00e1s claros.<\/b><\/strong><\/h3>\n<p>Domina una gran masa rocosa o pared vertical en tonos oscuros (azules profundos, negros y marrones), que aporta una sensaci\u00f3n de peso y sombra.<\/p>\n","protected":false},"excerpt":{"rendered":"<p>Esta pintura al \u00f3leo captura una escena de naturaleza con una atm\u00f3sfera algo melanc\u00f3lica y solitaria, muy caracter\u00edstica de los paisajes escarpados. La obra presenta un sendero estrecho\u00a0que serpentea entre formaciones rocosas o desfiladeros. La perspectiva nos invita a entrar en el cuadro, guiando la mirada desde el primer plano hacia un fondo que se [&hellip;]<\/p>\n","protected":false},"featured_media":1220,"comment_status":"open","ping_status":"closed","template":"","meta":{"_glsr_average":0,"_glsr_ranking":0,"_glsr_reviews":0},"product_brand":[],"product_cat":[19],"product_tag":[],"class_list":{"0":"post-1219","1":"product","2":"type-product","3":"status-publish","4":"has-post-thumbnail","6":"product_cat-uncategorized","8":"first","9":"instock","10":"sale","11":"shipping-taxable","12":"purchasable","13":"product-type-simple"},"_links":{"self":[{"href":"https:\/\/cuadrosperico.com\/index.php?rest_route=\/wp\/v2\/product\/1219","targetHints":{"allow":["GET"]}}],"collection":[{"href":"https:\/\/cuadrosperico.com\/index.php?rest_route=\/wp\/v2\/product"}],"about":[{"href":"https:\/\/cuadrosperico.com\/index.php?rest_route=\/wp\/v2\/types\/product"}],"replies":[{"embeddable":true,"href":"https:\/\/cuadrosperico.com\/index.php?rest_route=%2Fwp%2Fv2%2Fcomments&post=1219"}],"wp:featuredmedia":[{"embeddable":true,"href":"https:\/\/cuadrosperico.com\/index.php?rest_route=\/wp\/v2\/media\/1220"}],"wp:attachment":[{"href":"https:\/\/cuadrosperico.com\/index.php?rest_route=%2Fwp%2Fv2%2Fmedia&parent=1219"}],"wp:term":[{"taxonomy":"product_brand","embeddable":true,"href":"https:\/\/cuadrosperico.com\/index.php?rest_route=%2Fwp%2Fv2%2Fproduct_brand&post=1219"},{"taxonomy":"product_cat","embeddable":true,"href":"https:\/\/cuadrosperico.com\/index.php?rest_route=%2Fwp%2Fv2%2Fproduct_cat&post=1219"},{"taxonomy":"product_tag","embeddable":true,"href":"https:\/\/cuadrosperico.com\/index.php?rest_route=%2Fwp%2Fv2%2Fproduct_tag&post=1219"}],"curies":[{"name":"wp","href":"https:\/\/api.w.org\/{rel}","templated":true}]}}