{"id":1264,"date":"2026-03-26T11:34:02","date_gmt":"2026-03-26T11:34:02","guid":{"rendered":"https:\/\/cuadrosperico.com\/?post_type=product&#038;p=1264"},"modified":"2026-03-26T11:40:23","modified_gmt":"2026-03-26T11:40:23","slug":"parador-de-c-rodrigo","status":"publish","type":"product","link":"https:\/\/cuadrosperico.com\/?product=parador-de-c-rodrigo","title":{"rendered":"PARADOR DE C. RODRIGO. 40\/40 cm."},"content":{"rendered":"<p>La pintura que has compartido tiene un aire <strong><b>evocador y sereno<\/b><\/strong>, con un estilo que recuerda al postimpresionismo por su manejo de las manchas de color y la atm\u00f3sfera.<\/p>\n<p>El cuadro representa un paisaje hist\u00f3rico o monumental dividido en tres planos principales:<\/p>\n<p><strong><b>Primer plano:<\/b><\/strong>\u00a0Un cuerpo de agua (posiblemente un r\u00edo) que refleja los tonos azules del cielo. En la parte derecha, se observa un <strong><b>puente de piedra con arcos<\/b><\/strong>, un elemento cl\u00e1sico que aporta estructura y profundidad.<\/p>\n<p><strong><b>Plano medio:<\/b><\/strong>\u00a0Una colina de tonos ocres y dorados que asciende hacia una ciudad amurallada. La vegetaci\u00f3n es densa y oscura, sirviendo de contraste visual entre el agua y la tierra.<\/p>\n<p><strong><b>Fondo:<\/b><\/strong>\u00a0Destaca una <strong><b>gran torre de aspecto robusto y geom\u00e9trico<\/b><\/strong>\u00a0(posiblemente un homenaje a la arquitectura mud\u00e9jar o una torre de defensa) y un conjunto de casas blancas con tejados rojizos t\u00edpicos de la arquitectura mediterr\u00e1nea o castellana.<\/p>\n<p>La obra est\u00e1 dominada por una <strong><b>armon\u00eda de azules y tierras<\/b><\/strong>:<\/p>\n<p><strong><b>Azules:<\/b><\/strong>\u00a0Van desde el azul cobalto profundo del cielo superior hasta tonos m\u00e1s verdosos y suaves en el agua. Esto le da una sensaci\u00f3n de \u00abhora azul\u00bb o de un atardecer incipiente.<\/p>\n<p><strong><b>Ocres y Terrosos:<\/b><\/strong>\u00a0La colina iluminada crea un punto focal c\u00e1lido que equilibra la frialdad de los azules<\/p>\n<p>Utilizados para la vegetaci\u00f3n, ayudan a separar las distintas secciones del cuadro.<\/p>\n<p><strong><b>Pincelada:<\/b><\/strong>\u00a0Se observa una pincelada suelta y con textura. No busca el hiperrealismo, sino capturar la <strong><b>luz y la atm\u00f3sfera<\/b><\/strong>\u00a0del lugar.<\/p>\n<p><strong><b>Iluminaci\u00f3n:<\/b><\/strong>\u00a0La luz parece provenir de la parte central-derecha, ba\u00f1ando la colina y dejando la torre principal en una penumbra azulada muy sugerente.<\/p>\n<p><strong><b>Firma:<\/b><\/strong>\u00a0En la esquina inferior izquierda se aprecia una firma que parece decir <strong><b>\u00abPerico &#8211; 04\u00bb<\/b><\/strong>, lo que indica que es una obra contempor\u00e1nea (probablemente del a\u00f1o 2004).<\/p>\n<p>Es una obra que transmite <strong><b>nostalgia y solidez<\/b><\/strong>. El uso del azul tan saturado le da un toque casi on\u00edrico, transformando un paisaje que podr\u00eda ser real (como una vista de Toledo, C\u00f3rdoba o alguna ciudad amurallada espa\u00f1ola) en una visi\u00f3n m\u00e1s po\u00e9tica y personal del artista.<\/p>\n<p>&nbsp;<\/p>\n<p>&nbsp;<\/p>\n","protected":false},"excerpt":{"rendered":"<p>NO EST\u00c1 ENMARCADO.<\/p>\n","protected":false},"featured_media":1266,"comment_status":"open","ping_status":"closed","template":"","meta":{"_glsr_average":0,"_glsr_ranking":0,"_glsr_reviews":0},"product_brand":[],"product_cat":[19],"product_tag":[],"class_list":{"0":"post-1264","1":"product","2":"type-product","3":"status-publish","4":"has-post-thumbnail","6":"product_cat-uncategorized","8":"first","9":"instock","10":"sale","11":"shipping-taxable","12":"purchasable","13":"product-type-simple"},"_links":{"self":[{"href":"https:\/\/cuadrosperico.com\/index.php?rest_route=\/wp\/v2\/product\/1264","targetHints":{"allow":["GET"]}}],"collection":[{"href":"https:\/\/cuadrosperico.com\/index.php?rest_route=\/wp\/v2\/product"}],"about":[{"href":"https:\/\/cuadrosperico.com\/index.php?rest_route=\/wp\/v2\/types\/product"}],"replies":[{"embeddable":true,"href":"https:\/\/cuadrosperico.com\/index.php?rest_route=%2Fwp%2Fv2%2Fcomments&post=1264"}],"wp:featuredmedia":[{"embeddable":true,"href":"https:\/\/cuadrosperico.com\/index.php?rest_route=\/wp\/v2\/media\/1266"}],"wp:attachment":[{"href":"https:\/\/cuadrosperico.com\/index.php?rest_route=%2Fwp%2Fv2%2Fmedia&parent=1264"}],"wp:term":[{"taxonomy":"product_brand","embeddable":true,"href":"https:\/\/cuadrosperico.com\/index.php?rest_route=%2Fwp%2Fv2%2Fproduct_brand&post=1264"},{"taxonomy":"product_cat","embeddable":true,"href":"https:\/\/cuadrosperico.com\/index.php?rest_route=%2Fwp%2Fv2%2Fproduct_cat&post=1264"},{"taxonomy":"product_tag","embeddable":true,"href":"https:\/\/cuadrosperico.com\/index.php?rest_route=%2Fwp%2Fv2%2Fproduct_tag&post=1264"}],"curies":[{"name":"wp","href":"https:\/\/api.w.org\/{rel}","templated":true}]}}