{"id":904,"date":"2026-03-06T15:40:00","date_gmt":"2026-03-06T15:40:00","guid":{"rendered":"https:\/\/cuadrosperico.com\/?post_type=product&#038;p=904"},"modified":"2026-03-20T18:00:11","modified_gmt":"2026-03-20T18:00:11","slug":"santander-nevada","status":"publish","type":"product","link":"https:\/\/cuadrosperico.com\/?product=santander-nevada","title":{"rendered":". 40\/30 cm."},"content":{"rendered":"<p>Esta pintura urbana destaca por su atm\u00f3sfera dram\u00e1tica y su interesante contraste entre lo antiguo y lo moderno. Aqu\u00ed tienes una descripci\u00f3n detallada de la obra:<\/p>\n<p>La obra presenta una\u00a0<strong><b>perspectiva profunda<\/b><\/strong>\u00a0que gu\u00eda la mirada hacia una plaza o monumento hist\u00f3rico al fondo. La escena est\u00e1 encuadrada por dos bloques arquitect\u00f3nicos muy distintos que crean un fuerte dinamismo visual.<\/p>\n<p><strong><b>Contraste de Estilos:<\/b><\/strong>\u00a0A la derecha, se observa un edificio moderno de l\u00edneas curvas y grandes ventanales oscuros que reflejan la luz de forma sutil. A la izquierda, los edificios son m\u00e1s tradicionales, con fachadas en tonos c\u00e1lidos y balcones cl\u00e1sicos.<\/p>\n<p><strong><b>El Fondo Hist\u00f3rico:<\/b><\/strong>\u00a0En el centro, al final de la calle, emerge una estructura que recuerda a una puerta monumental o una fortificaci\u00f3n antigua, con arcos y torres, ba\u00f1ada por una luz m\u00e1s clara que el resto de la escena.<\/p>\n<p><strong><b>El Suelo:<\/b><\/strong>\u00a0La calle o plaza parece estar h\u00fameda, reflejando suavemente los colores de los edificios y el cielo, lo que a\u00f1ade una textura l\u00edquida y realista a la base del cuadro<\/p>\n<p><strong><b>Paleta Crom\u00e1tica:<\/b><\/strong>\u00a0Predominan los\u00a0<strong><b>tonos tierra, ocres y sombras profundas<\/b><\/strong>. El cielo tiene un tono rojizo o ambarino, lo que sugiere una iluminaci\u00f3n de atardecer, una tormenta inminente o una atm\u00f3sfera de neblina urbana.<\/p>\n<p><strong><b>Atm\u00f3sfera:<\/b><\/strong>\u00a0La obra tiene un aire algo cinematogr\u00e1fico y misterioso. Las figuras humanas que se ven en la calle son apenas siluetas oscuras, lo que acent\u00faa la escala monumental de la arquitectura y la sensaci\u00f3n de anonimato en la ciudad.<\/p>\n<p>&nbsp;<\/p>\n","protected":false},"excerpt":{"rendered":"<p>\u00d3LEO SOBRE TABLA<\/p>\n<p>40\/30 cm.<\/p>\n","protected":false},"featured_media":905,"comment_status":"open","ping_status":"closed","template":"","meta":{"_glsr_average":0,"_glsr_ranking":0,"_glsr_reviews":0},"product_brand":[],"product_cat":[19],"product_tag":[],"class_list":{"0":"post-904","1":"product","2":"type-product","3":"status-publish","4":"has-post-thumbnail","6":"product_cat-uncategorized","8":"first","9":"instock","10":"sale","11":"shipping-taxable","12":"purchasable","13":"product-type-simple"},"_links":{"self":[{"href":"https:\/\/cuadrosperico.com\/index.php?rest_route=\/wp\/v2\/product\/904","targetHints":{"allow":["GET"]}}],"collection":[{"href":"https:\/\/cuadrosperico.com\/index.php?rest_route=\/wp\/v2\/product"}],"about":[{"href":"https:\/\/cuadrosperico.com\/index.php?rest_route=\/wp\/v2\/types\/product"}],"replies":[{"embeddable":true,"href":"https:\/\/cuadrosperico.com\/index.php?rest_route=%2Fwp%2Fv2%2Fcomments&post=904"}],"wp:featuredmedia":[{"embeddable":true,"href":"https:\/\/cuadrosperico.com\/index.php?rest_route=\/wp\/v2\/media\/905"}],"wp:attachment":[{"href":"https:\/\/cuadrosperico.com\/index.php?rest_route=%2Fwp%2Fv2%2Fmedia&parent=904"}],"wp:term":[{"taxonomy":"product_brand","embeddable":true,"href":"https:\/\/cuadrosperico.com\/index.php?rest_route=%2Fwp%2Fv2%2Fproduct_brand&post=904"},{"taxonomy":"product_cat","embeddable":true,"href":"https:\/\/cuadrosperico.com\/index.php?rest_route=%2Fwp%2Fv2%2Fproduct_cat&post=904"},{"taxonomy":"product_tag","embeddable":true,"href":"https:\/\/cuadrosperico.com\/index.php?rest_route=%2Fwp%2Fv2%2Fproduct_tag&post=904"}],"curies":[{"name":"wp","href":"https:\/\/api.w.org\/{rel}","templated":true}]}}