{"id":949,"date":"2026-03-09T09:41:24","date_gmt":"2026-03-09T09:41:24","guid":{"rendered":"https:\/\/cuadrosperico.com\/?post_type=product&#038;p=949"},"modified":"2026-03-09T09:41:24","modified_gmt":"2026-03-09T09:41:24","slug":"correos-40-35-cm","status":"publish","type":"product","link":"https:\/\/cuadrosperico.com\/?product=correos-40-35-cm","title":{"rendered":"CORREOS. 40\/35 cm."},"content":{"rendered":"<p>Esta imagen muestra una pintura al \u00f3leo de estilo impresionista, enmarcada en un marco de madera plateada ornamentada con detalles dorados. La pintura representa un paisaje urbano, con un gran edificio de piedra que domina el primer plano. El edificio tiene varios pisos y ventanas, y presenta detalles arquitect\u00f3nicos como cornisas y un peque\u00f1o balc\u00f3n. En el fondo, se vislumbra otra estructura m\u00e1s grande con una torre que se eleva hacia un cielo nublado y colorido. Los \u00e1rboles y la vegetaci\u00f3n bordean el edificio en primer plano, y un peque\u00f1o grupo de figuras se ve caminando por una calle peatonal. La pintura tiene una pincelada suelta y expresiva, y el uso del color crea una sensaci\u00f3n de movimiento y vida.<\/p>\n","protected":false},"excerpt":{"rendered":"<p>\u00d3LEO SOBRE TABLA<\/p>\n<p>40\/35.cm.<\/p>\n","protected":false},"featured_media":950,"comment_status":"open","ping_status":"closed","template":"","meta":{"_glsr_average":0,"_glsr_ranking":0,"_glsr_reviews":0},"product_brand":[],"product_cat":[19],"product_tag":[],"class_list":{"0":"post-949","1":"product","2":"type-product","3":"status-publish","4":"has-post-thumbnail","6":"product_cat-uncategorized","8":"first","9":"instock","10":"sale","11":"shipping-taxable","12":"purchasable","13":"product-type-simple"},"_links":{"self":[{"href":"https:\/\/cuadrosperico.com\/index.php?rest_route=\/wp\/v2\/product\/949","targetHints":{"allow":["GET"]}}],"collection":[{"href":"https:\/\/cuadrosperico.com\/index.php?rest_route=\/wp\/v2\/product"}],"about":[{"href":"https:\/\/cuadrosperico.com\/index.php?rest_route=\/wp\/v2\/types\/product"}],"replies":[{"embeddable":true,"href":"https:\/\/cuadrosperico.com\/index.php?rest_route=%2Fwp%2Fv2%2Fcomments&post=949"}],"wp:featuredmedia":[{"embeddable":true,"href":"https:\/\/cuadrosperico.com\/index.php?rest_route=\/wp\/v2\/media\/950"}],"wp:attachment":[{"href":"https:\/\/cuadrosperico.com\/index.php?rest_route=%2Fwp%2Fv2%2Fmedia&parent=949"}],"wp:term":[{"taxonomy":"product_brand","embeddable":true,"href":"https:\/\/cuadrosperico.com\/index.php?rest_route=%2Fwp%2Fv2%2Fproduct_brand&post=949"},{"taxonomy":"product_cat","embeddable":true,"href":"https:\/\/cuadrosperico.com\/index.php?rest_route=%2Fwp%2Fv2%2Fproduct_cat&post=949"},{"taxonomy":"product_tag","embeddable":true,"href":"https:\/\/cuadrosperico.com\/index.php?rest_route=%2Fwp%2Fv2%2Fproduct_tag&post=949"}],"curies":[{"name":"wp","href":"https:\/\/api.w.org\/{rel}","templated":true}]}}