{"id":951,"date":"2026-03-09T09:51:19","date_gmt":"2026-03-09T09:51:19","guid":{"rendered":"https:\/\/cuadrosperico.com\/?post_type=product&#038;p=951"},"modified":"2026-03-09T09:51:19","modified_gmt":"2026-03-09T09:51:19","slug":"terraza-de-los-jardines-de-piquio-50-35-cm","status":"publish","type":"product","link":"https:\/\/cuadrosperico.com\/?product=terraza-de-los-jardines-de-piquio-50-35-cm","title":{"rendered":"TERRAZA DE LOS JARDINES DE PIQUIO. 50\/35 cm."},"content":{"rendered":"<p>Esta pintura al \u00f3leo captura una escena costera r\u00fastica bajo un cielo nublado y sombr\u00edo. En primer plano, se extiende una playa de arena dorada con tonos ocres.<\/p>\n<p>M\u00e1s all\u00e1 de la arena, un mar de aguas turquesas se encuentra con una l\u00ednea de acantilados escarpados y de aspecto rocoso. En la parte superior de estos acantilados, se asienta una estructura antigua con una columnata que se asemeja a una p\u00e9rgola, integrada entre la vegetaci\u00f3n oscura y los \u00e1rboles. El cuadro est\u00e1 enmarcado por un marco de metal plateado y dorado con un dise\u00f1o escalonado.<\/p>\n","protected":false},"excerpt":{"rendered":"<p>\u00d3LEO SOBRE TABLA.<\/p>\n<p>50\/35 cm.<\/p>\n","protected":false},"featured_media":952,"comment_status":"open","ping_status":"closed","template":"","meta":{"_glsr_average":0,"_glsr_ranking":0,"_glsr_reviews":0},"product_brand":[],"product_cat":[19],"product_tag":[],"class_list":{"0":"post-951","1":"product","2":"type-product","3":"status-publish","4":"has-post-thumbnail","6":"product_cat-uncategorized","8":"first","9":"instock","10":"sale","11":"shipping-taxable","12":"purchasable","13":"product-type-simple"},"_links":{"self":[{"href":"https:\/\/cuadrosperico.com\/index.php?rest_route=\/wp\/v2\/product\/951","targetHints":{"allow":["GET"]}}],"collection":[{"href":"https:\/\/cuadrosperico.com\/index.php?rest_route=\/wp\/v2\/product"}],"about":[{"href":"https:\/\/cuadrosperico.com\/index.php?rest_route=\/wp\/v2\/types\/product"}],"replies":[{"embeddable":true,"href":"https:\/\/cuadrosperico.com\/index.php?rest_route=%2Fwp%2Fv2%2Fcomments&post=951"}],"wp:featuredmedia":[{"embeddable":true,"href":"https:\/\/cuadrosperico.com\/index.php?rest_route=\/wp\/v2\/media\/952"}],"wp:attachment":[{"href":"https:\/\/cuadrosperico.com\/index.php?rest_route=%2Fwp%2Fv2%2Fmedia&parent=951"}],"wp:term":[{"taxonomy":"product_brand","embeddable":true,"href":"https:\/\/cuadrosperico.com\/index.php?rest_route=%2Fwp%2Fv2%2Fproduct_brand&post=951"},{"taxonomy":"product_cat","embeddable":true,"href":"https:\/\/cuadrosperico.com\/index.php?rest_route=%2Fwp%2Fv2%2Fproduct_cat&post=951"},{"taxonomy":"product_tag","embeddable":true,"href":"https:\/\/cuadrosperico.com\/index.php?rest_route=%2Fwp%2Fv2%2Fproduct_tag&post=951"}],"curies":[{"name":"wp","href":"https:\/\/api.w.org\/{rel}","templated":true}]}}