{"id":963,"date":"2026-03-09T11:54:52","date_gmt":"2026-03-09T11:54:52","guid":{"rendered":"https:\/\/cuadrosperico.com\/?post_type=product&#038;p=963"},"modified":"2026-03-09T11:54:53","modified_gmt":"2026-03-09T11:54:53","slug":"el-arcoiris-65-43-cm","status":"publish","type":"product","link":"https:\/\/cuadrosperico.com\/?product=el-arcoiris-65-43-cm","title":{"rendered":"EL ARCOIRIS. 65\/43 cm."},"content":{"rendered":"<p><strong><b>Sujeto Principal:<\/b><\/strong>\u00a0En primer plano, en una zona de pasto verde, hay una figura humana solitaria. Parece ser un hombre o un ni\u00f1o grande, vestido con ropa de trabajo o rural, y sostiene una vara larga o un bast\u00f3n de pastor. Su postura sugiere que est\u00e1 caminando o de pie, observando el entorno.<\/p>\n<p><strong><b>Fondo y Paisaje:<\/b><\/strong>\u00a0Detr\u00e1s de la figura, se extiende una franja de bosque denso o seto con \u00e1rboles de follaje oto\u00f1al, mostrando tonos oscuros y marrones. Esta l\u00ednea de vegetaci\u00f3n separa el prado del fondo.<\/p>\n<p><strong><b>El Cielo y el Arco Iris:<\/b><\/strong>\u00a0La caracter\u00edstica m\u00e1s llamativa de la pintura es el cielo. Est\u00e1 cubierto por nubes densas y oscuras, pero en el centro, se alza un arco iris vibrante y bien definido que cruza diagonalmente la composici\u00f3n de arriba a abajo. El arco iris se extiende desde las nubes en la parte superior hasta la l\u00ednea de \u00e1rboles en el horizonte.<\/p>\n<p><strong><b>Atm\u00f3sfera:<\/b><\/strong>\u00a0La combinaci\u00f3n del cielo tormentoso y el arco iris crea una atm\u00f3sfera de<\/p>\n","protected":false},"excerpt":{"rendered":"<p>\u00d3LEO SOBRE TABLA.<\/p>\n<p>65\/43. cm.<\/p>\n","protected":false},"featured_media":965,"comment_status":"open","ping_status":"closed","template":"","meta":{"_glsr_average":0,"_glsr_ranking":0,"_glsr_reviews":0},"product_brand":[],"product_cat":[19],"product_tag":[],"class_list":{"0":"post-963","1":"product","2":"type-product","3":"status-publish","4":"has-post-thumbnail","6":"product_cat-uncategorized","8":"first","9":"instock","10":"sale","11":"shipping-taxable","12":"purchasable","13":"product-type-simple"},"_links":{"self":[{"href":"https:\/\/cuadrosperico.com\/index.php?rest_route=\/wp\/v2\/product\/963","targetHints":{"allow":["GET"]}}],"collection":[{"href":"https:\/\/cuadrosperico.com\/index.php?rest_route=\/wp\/v2\/product"}],"about":[{"href":"https:\/\/cuadrosperico.com\/index.php?rest_route=\/wp\/v2\/types\/product"}],"replies":[{"embeddable":true,"href":"https:\/\/cuadrosperico.com\/index.php?rest_route=%2Fwp%2Fv2%2Fcomments&post=963"}],"wp:featuredmedia":[{"embeddable":true,"href":"https:\/\/cuadrosperico.com\/index.php?rest_route=\/wp\/v2\/media\/965"}],"wp:attachment":[{"href":"https:\/\/cuadrosperico.com\/index.php?rest_route=%2Fwp%2Fv2%2Fmedia&parent=963"}],"wp:term":[{"taxonomy":"product_brand","embeddable":true,"href":"https:\/\/cuadrosperico.com\/index.php?rest_route=%2Fwp%2Fv2%2Fproduct_brand&post=963"},{"taxonomy":"product_cat","embeddable":true,"href":"https:\/\/cuadrosperico.com\/index.php?rest_route=%2Fwp%2Fv2%2Fproduct_cat&post=963"},{"taxonomy":"product_tag","embeddable":true,"href":"https:\/\/cuadrosperico.com\/index.php?rest_route=%2Fwp%2Fv2%2Fproduct_tag&post=963"}],"curies":[{"name":"wp","href":"https:\/\/api.w.org\/{rel}","templated":true}]}}